{"id":2,"date":"2023-05-26T17:42:26","date_gmt":"2023-05-26T17:42:26","guid":{"rendered":"https:\/\/solari.rs\/blog\/?page_id=2"},"modified":"2023-05-26T18:38:17","modified_gmt":"2023-05-26T18:38:17","slug":"dobrodosli","status":"publish","type":"page","link":"https:\/\/solari.rs\/blog\/dobrodosli\/","title":{"rendered":"Dobrodo\u0161li!"},"content":{"rendered":"\n<p><strong>Ovo je blog o solarnoj energiji!<\/strong><\/p>\n\n\n\n<p>Na\u0161 svet je u stalnoj potrazi za odr\u017eivim, \u010distim i ekonomi\u010dnim izvorima energije. Solarna energija, kao jedan od najobnovljivijih izvora energije na planeti, ima ogroman potencijal da revolucionari\u0161e na\u010din na koji proizvodimo i konzumiramo energiju.<\/p>\n\n\n\n<p>Na ovom blogu \u0107emo istra\u017eivati razne aspekte solarnih tehnologija, uklju\u010duju\u0107i solarne panele, sisteme za navodnjavanje, grejanje i hla\u0111enje, kao i druge inovativne primene solarnih tehnologija.<\/p>\n\n\n\n<p>Pored toga, fokusira\u0107emo se na najnovije trendove, istra\u017eivanja i razvoj u industriji solarnih tehnologija. Prikaza\u0107emo vam najnovije inovacije, studije slu\u010daja, intervjue sa stru\u010dnjacima i korisne savete za one koji su zainteresovani za prelazak na solarnu energiju.<\/p>\n\n\n\n<p>Na\u0161 cilj je da vam pru\u017eimo sve informacije koje su vam potrebne kako biste doneli obave\u0161tena i odr\u017eiva energetska re\u0161enja, bez obzira da li ste pojedinac koji \u017eeli da smanji ra\u010dune za struju, poljoprivrednik koji tra\u017ei odr\u017eiva re\u0161enja za navodnjavanje ili poslovni lider koji \u017eeli da smanji ugljeni\u010dni otisak svog preduze\u0107a.<\/p>\n\n\n\n<p>Svi smo u ovoj borbi za o\u010duvanje na\u0161e planete zajedno. Kroz obrazovanje i deljenje informacija, mo\u017eemo ubrzati tranziciju ka \u010distijem, zdravijem i odr\u017eivijem svetu. Pridru\u017eite nam se u ovom putovanju ka odr\u017eivoj budu\u0107nosti i pratite na\u0161 blog za sve informacije o solarnoj energiji!<\/p>\n\n\n\n<p><strong>Dobrodo\u0161li u svet solarne energije!<\/strong><\/p>\n","protected":false},"excerpt":{"rendered":"<p>Ovo je blog o solarnoj energiji! Na\u0161 svet je u stalnoj potrazi za odr\u017eivim, \u010distim i ekonomi\u010dnim izvorima energije. Solarna energija, kao jedan od najobnovljivijih izvora energije na planeti, ima ogroman potencijal da revolucionari\u0161e na\u010din na koji proizvodimo i konzumiramo energiju. Na ovom blogu \u0107emo istra\u017eivati razne aspekte solarnih tehnologija, uklju\u010duju\u0107i solarne panele, sisteme za [&hellip;]<\/p>\n","protected":false},"author":1,"featured_media":0,"parent":0,"menu_order":0,"comment_status":"closed","ping_status":"open","template":"","meta":{"site-sidebar-layout":"default","site-content-layout":"","ast-site-content-layout":"","site-content-style":"default","site-sidebar-style":"default","ast-global-header-display":"","ast-banner-title-visibility":"","ast-main-header-display":"","ast-hfb-above-header-display":"","ast-hfb-below-header-display":"","ast-hfb-mobile-header-display":"","site-post-title":"","ast-breadcrumbs-content":"","ast-featured-img":"","footer-sml-layout":"","theme-transparent-header-meta":"","adv-header-id-meta":"","stick-header-meta":"","header-above-stick-meta":"","header-main-stick-meta":"","header-below-stick-meta":"","astra-migrate-meta-layouts":"default","ast-page-background-enabled":"default","ast-page-background-meta":{"desktop":{"background-color":"var(--ast-global-color-4)","background-image":"","background-repeat":"repeat","background-position":"center center","background-size":"auto","background-attachment":"scroll","background-type":"","background-media":"","overlay-type":"","overlay-color":"","overlay-gradient":""},"tablet":{"background-color":"","background-image":"","background-repeat":"repeat","background-position":"center center","background-size":"auto","background-attachment":"scroll","background-type":"","background-media":"","overlay-type":"","overlay-color":"","overlay-gradient":""},"mobile":{"background-color":"","background-image":"","background-repeat":"repeat","background-position":"center center","background-size":"auto","background-attachment":"scroll","background-type":"","background-media":"","overlay-type":"","overlay-color":"","overlay-gradient":""}},"ast-content-background-meta":{"desktop":{"background-color":"var(--ast-global-color-5)","background-image":"","background-repeat":"repeat","background-position":"center center","background-size":"auto","background-attachment":"scroll","background-type":"","background-media":"","overlay-type":"","overlay-color":"","overlay-gradient":""},"tablet":{"background-color":"var(--ast-global-color-5)","background-image":"","background-repeat":"repeat","background-position":"center center","background-size":"auto","background-attachment":"scroll","background-type":"","background-media":"","overlay-type":"","overlay-color":"","overlay-gradient":""},"mobile":{"background-color":"var(--ast-global-color-5)","background-image":"","background-repeat":"repeat","background-position":"center center","background-size":"auto","background-attachment":"scroll","background-type":"","background-media":"","overlay-type":"","overlay-color":"","overlay-gradient":""}},"footnotes":""},"jetpack_sharing_enabled":true,"_links":{"self":[{"href":"https:\/\/solari.rs\/blog\/wp-json\/wp\/v2\/pages\/2"}],"collection":[{"href":"https:\/\/solari.rs\/blog\/wp-json\/wp\/v2\/pages"}],"about":[{"href":"https:\/\/solari.rs\/blog\/wp-json\/wp\/v2\/types\/page"}],"author":[{"embeddable":true,"href":"https:\/\/solari.rs\/blog\/wp-json\/wp\/v2\/users\/1"}],"replies":[{"embeddable":true,"href":"https:\/\/solari.rs\/blog\/wp-json\/wp\/v2\/comments?post=2"}],"version-history":[{"count":4,"href":"https:\/\/solari.rs\/blog\/wp-json\/wp\/v2\/pages\/2\/revisions"}],"predecessor-version":[{"id":18,"href":"https:\/\/solari.rs\/blog\/wp-json\/wp\/v2\/pages\/2\/revisions\/18"}],"wp:attachment":[{"href":"https:\/\/solari.rs\/blog\/wp-json\/wp\/v2\/media?parent=2"}],"curies":[{"name":"wp","href":"https:\/\/api.w.org\/{rel}","templated":true}]}}