{"id":68,"date":"2024-02-02T00:51:48","date_gmt":"2024-02-02T00:51:48","guid":{"rendered":"https:\/\/solari.rs\/blog\/?post_type=product&#038;p=68"},"modified":"2024-02-02T00:52:50","modified_gmt":"2024-02-02T00:52:50","slug":"trina-solar-425w","status":"publish","type":"product","link":"https:\/\/solari.rs\/blog\/product\/trina-solar-425w\/","title":{"rendered":"Trina Solar 425W"},"content":{"rendered":"<h3 class=\"mb-50 animated\" data-show=\"startbox\" data-show-delay=\"100\">Male veli\u010dine,\u00a0<span class=\"highlight\">velike<\/span>\u00a0snage<\/h3>\n<p>Unapre\u0111eni Vertex S moduli isti\u010du se odli\u010dnim performansama i inovativnom estetikom. Dizajnirani su za krovne aplikacije, nude\u0107i optimalnu ravnote\u017eu snage, veli\u010dine i te\u017eine. Zasnovani na Vertex platformi, ovi moduli od 425W dosti\u017eu do 430W uz 21,8% efikasnosti tehnologijom visoke koncentracije me\u0111uspojnih veza, ispunjavaju\u0107i sve zahteve krovnih aplikacija.<\/p>\n<div class=\"row gy-45 mt-25\">\n<div class=\"col-lg-12\">\n<div class=\"pe-lg-70\">\n<h3 class=\"mb-50 animated\" data-show=\"startbox\" data-show-delay=\"100\"><span class=\"highlight\">Univerzalno re\u0161enje<\/span>\u00a0za stambene, poslovne i industrijske krovove<\/h3>\n<ul class=\"font-size-17\">\n<li>Dizajniran za kompatibilnost sa postoje\u0107im glavnim inverterima, optimizatorima i monta\u017enim sistemima<\/li>\n<li>Savr\u0161ena veli\u010dina i mala te\u017eina za jednostavno rukovanje. Optimizovani tro\u0161kovi prevoza<\/li>\n<li>Smanjuje tro\u0161kove instalacije sa ve\u0107om snagom i efikasno\u0161\u0107u<\/li>\n<li>Fleksibilna re\u0161enja za instalaciju sistema<\/li>\n<\/ul>\n<\/div>\n<\/div>\n<\/div>\n<div class=\"row gy-45 mt-25\">\n<div class=\"col-lg-12\">\n<div class=\"pe-lg-70\">\n<h3 class=\"mb-50 animated\" data-show=\"startbox\" data-show-delay=\"100\"><span class=\"highlight\">Izvanredan povrat investicije<\/span><\/h3>\n<p>Vertex S se zasniva na naprednoj tehnologiji Vertex platforme, uklju\u010duju\u0107i silicijumski wafer velikog formata od 210 mm. Njegov elektri\u010dni dizajn omogu\u0107ava fleksibilan raspored sistema za bilo koji krov, \u0161to rezultira pobolj\u0161anom efikasno\u0161\u0107u i smanjenim ukupnim tro\u0161kovima sistema.<\/p>\n<p>Novi Vertex S mo\u017ee pove\u0107ati kapacitet instalacije na stambenim krovovima za 5-7%. Ve\u0107a proizvodnja elektri\u010dne energije zadovoljava ve\u0107e zahteve za svakodnevnu upotrebu u doma\u0107instvu i potra\u017enju energije od elektri\u010dnih vozila.<\/p>\n<p>Vertex S dolazi sa produ\u017eenom garancijom od 15 godina na proizvod i potpunom garancijom na performanse od 25 godina &#8211; za miran um i dugotrajan povrat.<\/p>\n<\/div>\n<\/div>\n<\/div>\n<p>&nbsp;<\/p>\n","protected":false},"excerpt":{"rendered":"<p class=\"h4 pricing-title m-0\"><strong>Trina 425 Vertex S DE09R.08<\/strong><\/p>\n<ul class=\"list fw-bold font-size-16\">\n<li class=\"active\">21.8% maksimalna efikasnost<\/li>\n<li class=\"active\">25 godina garancije na snagu<\/li>\n<li class=\"active\">15 godina garancije na kvalitet izrade<\/li>\n<\/ul>\n<div class=\"d-flex animated\" data-show=\"startbox\">\n<div class=\"flex-grow-1 ms-20\">\n<div class=\"h1 m-0 text-white\"><strong>Univerzalan<\/strong><\/div>\n<div class=\"h6 mb-15 text-white\">Univerzalno re\u0161enje za stambene, poslovne i industrijske krovove<\/div>\n<\/div>\n<\/div>\n<div class=\"d-flex mt-40 animated\" data-show=\"startbox\" data-show-delay=\"100\">\n<div class=\"flex-grow-1 ms-20\">\n<div class=\"h1 m-0 text-white\"><strong>Efikasan<\/strong><\/div>\n<div class=\"h6 mb-15 text-white\">Odli\u010dne performanse pri slabom osvetljenju (IAM)<\/div>\n<\/div>\n<\/div>\n<div class=\"d-flex mt-40 animated\" data-show=\"startbox\" data-show-delay=\"100\">\n<div class=\"flex-grow-1 ms-20\">\n<div class=\"h1 m-0 text-white\"><strong>Pouzdan<\/strong><\/div>\n<div class=\"h6 mb-10 text-white\">Produ\u017eena Vertex S garancija<\/div>\n<div class=\"h6 mb-10 text-white\">Visoka izdr\u017eljivost u ekstremnim uslovima<\/div>\n<ul class=\"font-size-15 m-0 text-white\">\n<li>Pozitivno optere\u0107enje do 6.000 Pa (sneg)<\/li>\n<li>Negativno optere\u0107enje do 4.000 Pa (vetar)<\/li>\n<\/ul>\n<\/div>\n<\/div>\n","protected":false},"featured_media":69,"comment_status":"open","ping_status":"closed","template":"","meta":{"site-sidebar-layout":"default","site-content-layout":"","ast-site-content-layout":"default","site-content-style":"default","site-sidebar-style":"default","ast-global-header-display":"","ast-banner-title-visibility":"","ast-main-header-display":"","ast-hfb-above-header-display":"","ast-hfb-below-header-display":"","ast-hfb-mobile-header-display":"","site-post-title":"","ast-breadcrumbs-content":"","ast-featured-img":"","footer-sml-layout":"","theme-transparent-header-meta":"default","adv-header-id-meta":"","stick-header-meta":"","header-above-stick-meta":"","header-main-stick-meta":"","header-below-stick-meta":"","astra-migrate-meta-layouts":"set","ast-page-background-enabled":"default","ast-page-background-meta":{"desktop":{"background-color":"var(--ast-global-color-4)","background-image":"","background-repeat":"repeat","background-position":"center center","background-size":"auto","background-attachment":"scroll","background-type":"","background-media":"","overlay-type":"","overlay-color":"","overlay-gradient":""},"tablet":{"background-color":"","background-image":"","background-repeat":"repeat","background-position":"center center","background-size":"auto","background-attachment":"scroll","background-type":"","background-media":"","overlay-type":"","overlay-color":"","overlay-gradient":""},"mobile":{"background-color":"","background-image":"","background-repeat":"repeat","background-position":"center center","background-size":"auto","background-attachment":"scroll","background-type":"","background-media":"","overlay-type":"","overlay-color":"","overlay-gradient":""}},"ast-content-background-meta":{"desktop":{"background-color":"var(--ast-global-color-5)","background-image":"","background-repeat":"repeat","background-position":"center center","background-size":"auto","background-attachment":"scroll","background-type":"","background-media":"","overlay-type":"","overlay-color":"","overlay-gradient":""},"tablet":{"background-color":"var(--ast-global-color-5)","background-image":"","background-repeat":"repeat","background-position":"center center","background-size":"auto","background-attachment":"scroll","background-type":"","background-media":"","overlay-type":"","overlay-color":"","overlay-gradient":""},"mobile":{"background-color":"var(--ast-global-color-5)","background-image":"","background-repeat":"repeat","background-position":"center center","background-size":"auto","background-attachment":"scroll","background-type":"","background-media":"","overlay-type":"","overlay-color":"","overlay-gradient":""}}},"product_cat":[29],"product_tag":[],"jetpack_sharing_enabled":true,"_links":{"self":[{"href":"https:\/\/solari.rs\/blog\/wp-json\/wp\/v2\/product\/68"}],"collection":[{"href":"https:\/\/solari.rs\/blog\/wp-json\/wp\/v2\/product"}],"about":[{"href":"https:\/\/solari.rs\/blog\/wp-json\/wp\/v2\/types\/product"}],"replies":[{"embeddable":true,"href":"https:\/\/solari.rs\/blog\/wp-json\/wp\/v2\/comments?post=68"}],"wp:featuredmedia":[{"embeddable":true,"href":"https:\/\/solari.rs\/blog\/wp-json\/wp\/v2\/media\/69"}],"wp:attachment":[{"href":"https:\/\/solari.rs\/blog\/wp-json\/wp\/v2\/media?parent=68"}],"wp:term":[{"taxonomy":"product_cat","embeddable":true,"href":"https:\/\/solari.rs\/blog\/wp-json\/wp\/v2\/product_cat?post=68"},{"taxonomy":"product_tag","embeddable":true,"href":"https:\/\/solari.rs\/blog\/wp-json\/wp\/v2\/product_tag?post=68"}],"curies":[{"name":"wp","href":"https:\/\/api.w.org\/{rel}","templated":true}]}}