{"id":95,"date":"2024-07-14T19:39:55","date_gmt":"2024-07-14T19:39:55","guid":{"rendered":"https:\/\/solari.rs\/blog\/?post_type=product&#038;p=95"},"modified":"2024-07-14T19:39:55","modified_gmt":"2024-07-14T19:39:55","slug":"trina-n-type-dual-glass-black-frame-450w-solar-panel","status":"publish","type":"product","link":"https:\/\/solari.rs\/blog\/product\/trina-n-type-dual-glass-black-frame-450w-solar-panel\/","title":{"rendered":"Trina N type dual-glass black frame 450W Solar Panel"},"content":{"rendered":"<p>Vertex S+ 455W solarni panel od Trina Solar-a koristi monokristalne \u0107elije sa n type i-TOPCon tehnologijom i dual-glass dizajnom, pru\u017eaju\u0107i maksimalnu efikasnost do 22.8%. Ovaj model nudi izuzetnu trajnost, otpornost na vatru i mogu\u0107nost recikla\u017ee, \u010dime se pobolj\u0161ava performansa. Panel dolazi sa 30-godi\u0161njom garancijom na snagu i 25-godi\u0161njom garancijom na proizvod. Njegov elegantan dizajn omogu\u0107ava jednostavnu instalaciju i visoku energetsku efikasnost, idealan za rezidencijalne i komercijalne projekte.<\/p>\n<p><strong>Osnovne karakteristike:<\/strong><\/p>\n<ul>\n<li><strong>Model:<\/strong> TSM-NEG9R.28<\/li>\n<li><strong>Snaga:<\/strong> 450W<\/li>\n<li><strong>Tip \u0107elije:<\/strong> Monokristalna, n type i-TOPCon<\/li>\n<li><strong>Tehnologija:<\/strong> Dual-glass za ve\u0107u izdr\u017eljivost<\/li>\n<li><strong>Efikasnost:<\/strong> Maksimalno 22.8%<\/li>\n<li><strong>Garancija:<\/strong> 30 godina na snagu, 25 godina na proizvod<\/li>\n<\/ul>\n<p><strong>Prednosti:<\/strong><\/p>\n<ul>\n<li><strong>Visok povrat investicije<\/strong> zahvaljuju\u0107i pove\u0107anoj izdr\u017eljivosti i efikasnosti<\/li>\n<li><strong>Pouzdanost:<\/strong> Vi\u0161a otpornost na vatru i mogu\u0107nost recikla\u017ee<\/li>\n<li><strong>Integracija:<\/strong> Savr\u0161eno radi kao deo rezidencijalnih i komercijalnih sistema, uz podr\u0161ku Trina Solar za monta\u017ene sisteme i skladi\u0161tenje energije<\/li>\n<\/ul>\n<p>&nbsp;<\/p>\n","protected":false},"excerpt":{"rendered":"<p>Trina Solar Vertex S+ 455W panel sa n type i-TOPCon \u0107elijama i dual-glass tehnologijom, pru\u017ea efikasnost do 22.8% i dugotrajnu pouzdanost. Garancija 30 godina.<\/p>\n<p><strong>Osnovne karakteristike:<\/strong><\/p>\n<ul>\n<li><strong>Model:<\/strong> TSM-NEG9R.28<\/li>\n<li><strong>Snaga:<\/strong> 455W<\/li>\n<li><strong>Tip \u0107elije:<\/strong> Monokristalna, n type i-TOPCon<\/li>\n<li><strong>Tehnologija:<\/strong> Dual-glass za ve\u0107u izdr\u017eljivost<\/li>\n<li><strong>Efikasnost:<\/strong> Maksimalno 22.8%<\/li>\n<li><strong>Garancija:<\/strong> 30 godina na snagu, 25 godina na proizvod<\/li>\n<\/ul>\n<p><strong>Prednosti:<\/strong><\/p>\n<ul>\n<li><strong>Visok povrat investicije<\/strong> zahvaljuju\u0107i pove\u0107anoj izdr\u017eljivosti i efikasnosti<\/li>\n<li><strong>Pouzdanost:<\/strong> Vi\u0161a otpornost na vatru i mogu\u0107nost recikla\u017ee<\/li>\n<li><strong>Integracija:<\/strong> Savr\u0161eno radi kao deo rezidencijalnih i komercijalnih sistema, uz podr\u0161ku Trina Solar za monta\u017ene sisteme i skladi\u0161tenje energije<\/li>\n<\/ul>\n<p>&nbsp;<\/p>\n","protected":false},"featured_media":97,"comment_status":"open","ping_status":"closed","template":"","meta":{"site-sidebar-layout":"default","site-content-layout":"","ast-site-content-layout":"default","site-content-style":"default","site-sidebar-style":"default","ast-global-header-display":"","ast-banner-title-visibility":"","ast-main-header-display":"","ast-hfb-above-header-display":"","ast-hfb-below-header-display":"","ast-hfb-mobile-header-display":"","site-post-title":"","ast-breadcrumbs-content":"","ast-featured-img":"","footer-sml-layout":"","theme-transparent-header-meta":"default","adv-header-id-meta":"","stick-header-meta":"","header-above-stick-meta":"","header-main-stick-meta":"","header-below-stick-meta":"","astra-migrate-meta-layouts":"set","ast-page-background-enabled":"default","ast-page-background-meta":{"desktop":{"background-color":"var(--ast-global-color-4)","background-image":"","background-repeat":"repeat","background-position":"center center","background-size":"auto","background-attachment":"scroll","background-type":"","background-media":"","overlay-type":"","overlay-color":"","overlay-gradient":""},"tablet":{"background-color":"","background-image":"","background-repeat":"repeat","background-position":"center center","background-size":"auto","background-attachment":"scroll","background-type":"","background-media":"","overlay-type":"","overlay-color":"","overlay-gradient":""},"mobile":{"background-color":"","background-image":"","background-repeat":"repeat","background-position":"center center","background-size":"auto","background-attachment":"scroll","background-type":"","background-media":"","overlay-type":"","overlay-color":"","overlay-gradient":""}},"ast-content-background-meta":{"desktop":{"background-color":"var(--ast-global-color-5)","background-image":"","background-repeat":"repeat","background-position":"center center","background-size":"auto","background-attachment":"scroll","background-type":"","background-media":"","overlay-type":"","overlay-color":"","overlay-gradient":""},"tablet":{"background-color":"var(--ast-global-color-5)","background-image":"","background-repeat":"repeat","background-position":"center center","background-size":"auto","background-attachment":"scroll","background-type":"","background-media":"","overlay-type":"","overlay-color":"","overlay-gradient":""},"mobile":{"background-color":"var(--ast-global-color-5)","background-image":"","background-repeat":"repeat","background-position":"center center","background-size":"auto","background-attachment":"scroll","background-type":"","background-media":"","overlay-type":"","overlay-color":"","overlay-gradient":""}}},"product_cat":[29],"product_tag":[],"jetpack_sharing_enabled":true,"_links":{"self":[{"href":"https:\/\/solari.rs\/blog\/wp-json\/wp\/v2\/product\/95"}],"collection":[{"href":"https:\/\/solari.rs\/blog\/wp-json\/wp\/v2\/product"}],"about":[{"href":"https:\/\/solari.rs\/blog\/wp-json\/wp\/v2\/types\/product"}],"replies":[{"embeddable":true,"href":"https:\/\/solari.rs\/blog\/wp-json\/wp\/v2\/comments?post=95"}],"wp:featuredmedia":[{"embeddable":true,"href":"https:\/\/solari.rs\/blog\/wp-json\/wp\/v2\/media\/97"}],"wp:attachment":[{"href":"https:\/\/solari.rs\/blog\/wp-json\/wp\/v2\/media?parent=95"}],"wp:term":[{"taxonomy":"product_cat","embeddable":true,"href":"https:\/\/solari.rs\/blog\/wp-json\/wp\/v2\/product_cat?post=95"},{"taxonomy":"product_tag","embeddable":true,"href":"https:\/\/solari.rs\/blog\/wp-json\/wp\/v2\/product_tag?post=95"}],"curies":[{"name":"wp","href":"https:\/\/api.w.org\/{rel}","templated":true}]}}